{"id":47889,"date":"2025-07-22T10:35:41","date_gmt":"2025-07-22T14:35:41","guid":{"rendered":"https:\/\/edyka.org\/produit\/meditations-de-relaxstory-playlist\/"},"modified":"2025-07-22T10:35:41","modified_gmt":"2025-07-22T14:35:41","slug":"meditations-de-relaxstory-playlist","status":"publish","type":"product","link":"https:\/\/edyka.org\/en\/produit\/meditations-de-relaxstory-playlist\/","title":{"rendered":"M\u00e9ditations  de RelaxStory &#8211; Playlist"},"content":{"rendered":"<p><a href=\"https:\/\/www.youtube.com\/c\/RELAXSTORY\/videos\" rel=\"nofollow\">https:\/\/www.youtube.com\/c\/RELAXSTORY\/videos<\/a><\/p>\n","protected":false},"excerpt":{"rendered":"<p>RELAXSTORY pour les ENFANTS relaxe les enfants stress\u00e9s et \u00e9nerv\u00e9s, qui n&#8217;arrivent pas \u00e0 se concentrer ou \u00e0 dormir. Des contes relaxants en version courte de 5 mn ou en version longue de 15-20 mn<\/p>\n","protected":false},"featured_media":37672,"template":"","meta":[],"product_brand":[],"product_cat":[1106,1081,1114,1078],"product_tag":[1119,1120],"class_list":{"0":"post-47889","1":"product","2":"type-product","3":"status-publish","4":"has-post-thumbnail","6":"product_cat-anxiety","7":"product_cat-french","8":"product_cat-practical","9":"product_cat-video-en","10":"product_tag-editors-pick","11":"product_tag-teachers","13":"first","14":"instock","15":"shipping-taxable","16":"product-type-simple"},"jetpack_sharing_enabled":true,"_links":{"self":[{"href":"https:\/\/edyka.org\/en\/wp-json\/wp\/v2\/product\/47889","targetHints":{"allow":["GET"]}}],"collection":[{"href":"https:\/\/edyka.org\/en\/wp-json\/wp\/v2\/product"}],"about":[{"href":"https:\/\/edyka.org\/en\/wp-json\/wp\/v2\/types\/product"}],"wp:featuredmedia":[{"embeddable":true,"href":"https:\/\/edyka.org\/en\/wp-json\/wp\/v2\/media\/37672"}],"wp:attachment":[{"href":"https:\/\/edyka.org\/en\/wp-json\/wp\/v2\/media?parent=47889"}],"wp:term":[{"taxonomy":"product_brand","embeddable":true,"href":"https:\/\/edyka.org\/en\/wp-json\/wp\/v2\/product_brand?post=47889"},{"taxonomy":"product_cat","embeddable":true,"href":"https:\/\/edyka.org\/en\/wp-json\/wp\/v2\/product_cat?post=47889"},{"taxonomy":"product_tag","embeddable":true,"href":"https:\/\/edyka.org\/en\/wp-json\/wp\/v2\/product_tag?post=47889"}],"curies":[{"name":"wp","href":"https:\/\/api.w.org\/{rel}","templated":true}]}}