{"id":47887,"date":"2025-07-22T10:35:42","date_gmt":"2025-07-22T14:35:42","guid":{"rendered":"https:\/\/edyka.org\/produit\/les-mots-sont-des-fenetres\/"},"modified":"2026-04-10T22:34:22","modified_gmt":"2026-04-11T02:34:22","slug":"les-mots-sont-des-fenetres","status":"publish","type":"product","link":"https:\/\/edyka.org\/en\/produit\/les-mots-sont-des-fenetres\/","title":{"rendered":"Les mots sont des fen\u00eatres"},"content":{"rendered":"<p><a href=\"https:\/\/www.leslibraires.ca\/Livre\/les-mots-sont-des-fenetres-ou-marshall-b-rosenberg-9782889117741.html\" rel=\"nofollow\">https:\/\/www.leslibraires.ca\/Livre\/les-mots-sont-des-fenetres-ou-marshall-b-rosenberg-9782889117741.html<\/a><\/p>\n","protected":false},"excerpt":{"rendered":"<p>Une communication de qualit\u00e9 entre soi et les autres est aujourd&#8217;hui une des comp\u00e9tences les plus pr\u00e9cieuses. Par un processus en quatre points, Marshall Rosenberg met ici \u00e0 notre disposition un outil tr\u00e8s simple<\/p>\n","protected":false},"featured_media":37664,"template":"","meta":[],"product_brand":[],"product_cat":[1081,1116,1104,1077],"product_tag":[],"class_list":{"0":"post-47887","1":"product","2":"type-product","3":"status-publish","4":"has-post-thumbnail","6":"product_cat-french","7":"product_cat-scientific","8":"product_cat-social-emotional","9":"product_cat-text","11":"first","12":"instock","13":"shipping-taxable","14":"product-type-simple"},"jetpack_sharing_enabled":true,"_links":{"self":[{"href":"https:\/\/edyka.org\/en\/wp-json\/wp\/v2\/product\/47887","targetHints":{"allow":["GET"]}}],"collection":[{"href":"https:\/\/edyka.org\/en\/wp-json\/wp\/v2\/product"}],"about":[{"href":"https:\/\/edyka.org\/en\/wp-json\/wp\/v2\/types\/product"}],"wp:featuredmedia":[{"embeddable":true,"href":"https:\/\/edyka.org\/en\/wp-json\/wp\/v2\/media\/37664"}],"wp:attachment":[{"href":"https:\/\/edyka.org\/en\/wp-json\/wp\/v2\/media?parent=47887"}],"wp:term":[{"taxonomy":"product_brand","embeddable":true,"href":"https:\/\/edyka.org\/en\/wp-json\/wp\/v2\/product_brand?post=47887"},{"taxonomy":"product_cat","embeddable":true,"href":"https:\/\/edyka.org\/en\/wp-json\/wp\/v2\/product_cat?post=47887"},{"taxonomy":"product_tag","embeddable":true,"href":"https:\/\/edyka.org\/en\/wp-json\/wp\/v2\/product_tag?post=47887"}],"curies":[{"name":"wp","href":"https:\/\/api.w.org\/{rel}","templated":true}]}}