{"id":47886,"date":"2025-07-22T10:35:42","date_gmt":"2025-07-22T14:35:42","guid":{"rendered":"https:\/\/edyka.org\/produit\/jeu-de-construction-lego-education\/"},"modified":"2025-07-22T10:35:42","modified_gmt":"2025-07-22T14:35:42","slug":"jeu-de-construction-lego-education","status":"publish","type":"product","link":"https:\/\/edyka.org\/en\/produit\/jeu-de-construction-lego-education\/","title":{"rendered":"Jeu de construction &#8220;LEGO Education&#8221;"},"content":{"rendered":"<p><a href=\"https:\/\/www.lego.com\/fr-ca\/themes\/lego-education?consent-modal=show&#038;age-gate=grown_up\" rel=\"nofollow\">https:\/\/www.lego.com\/fr-ca\/themes\/lego-education?consent-modal=show&#038;age-gate=grown_up<\/a><\/p>\n","protected":false},"excerpt":{"rendered":"<p>Les jeux de construction LEGO Education proposent une vari\u00e9t\u00e9 de kits adapt\u00e9s aux diff\u00e9rentes tranches d&#8217;\u00e2ge. Ils favorisent le d\u00e9veloppement de la coordination motrice fine, de la planification spatiale et de la cr\u00e9ativit\u00e9 chez les enfants. <\/p>\n","protected":false},"featured_media":37662,"template":"","meta":[],"product_brand":[],"product_cat":[1115,1080,1081,1074,1100,1114],"product_tag":[],"class_list":{"0":"post-47886","1":"product","2":"type-product","3":"status-publish","4":"has-post-thumbnail","6":"product_cat-educational","7":"product_cat-english","8":"product_cat-french","9":"product_cat-interactive","10":"product_cat-motor-coordination","11":"product_cat-practical","13":"first","14":"instock","15":"shipping-taxable","16":"product-type-simple"},"jetpack_sharing_enabled":true,"_links":{"self":[{"href":"https:\/\/edyka.org\/en\/wp-json\/wp\/v2\/product\/47886","targetHints":{"allow":["GET"]}}],"collection":[{"href":"https:\/\/edyka.org\/en\/wp-json\/wp\/v2\/product"}],"about":[{"href":"https:\/\/edyka.org\/en\/wp-json\/wp\/v2\/types\/product"}],"wp:featuredmedia":[{"embeddable":true,"href":"https:\/\/edyka.org\/en\/wp-json\/wp\/v2\/media\/37662"}],"wp:attachment":[{"href":"https:\/\/edyka.org\/en\/wp-json\/wp\/v2\/media?parent=47886"}],"wp:term":[{"taxonomy":"product_brand","embeddable":true,"href":"https:\/\/edyka.org\/en\/wp-json\/wp\/v2\/product_brand?post=47886"},{"taxonomy":"product_cat","embeddable":true,"href":"https:\/\/edyka.org\/en\/wp-json\/wp\/v2\/product_cat?post=47886"},{"taxonomy":"product_tag","embeddable":true,"href":"https:\/\/edyka.org\/en\/wp-json\/wp\/v2\/product_tag?post=47886"}],"curies":[{"name":"wp","href":"https:\/\/api.w.org\/{rel}","templated":true}]}}