{"id":47882,"date":"2025-07-22T10:35:51","date_gmt":"2025-07-22T14:35:51","guid":{"rendered":"https:\/\/edyka.org\/produit\/agir-pour-favoriser-la-reussite-educative-des-eleves-surdoues\/"},"modified":"2025-07-22T10:35:51","modified_gmt":"2025-07-22T14:35:51","slug":"agir-pour-favoriser-la-reussite-educative-des-eleves-surdoues","status":"publish","type":"product","link":"https:\/\/edyka.org\/en\/produit\/agir-pour-favoriser-la-reussite-educative-des-eleves-surdoues\/","title":{"rendered":"Agir pour favoriser la r\u00e9ussite \u00e9ducative des \u00e9l\u00e8ves surdou\u00e9s"},"content":{"rendered":"<p><a href=\"https:\/\/cdn-contenu.quebec.ca\/cdn-contenu\/education\/pfeq\/ressources-pedagogiques\/Reussite-educative-eleves-doues.pdf\" rel=\"nofollow\">https:\/\/cdn-contenu.quebec.ca\/cdn-contenu\/education\/pfeq\/ressources-pedagogiques\/Reussite-educative-eleves-doues.pdf<\/a><\/p>\n","protected":false},"excerpt":{"rendered":"<p>Cet article met en avant l&#8217;importance de la reconnaissance et de la prise en compte des besoins \u00e9ducatifs sp\u00e9cifiques des \u00e9l\u00e8ves surdou\u00e9s dans le syst\u00e8me scolaire. Il est soulign\u00e9 qu&#8217;il est n\u00e9cessaire de mettre en place des strat\u00e9gies p\u00e9dagogiques adapt\u00e9es pour favoriser leur r\u00e9ussite, telles que l&#8217;utilisation de m\u00e9thodes d&#8217;enseignement actives et l&#8217;encouragement de la cr\u00e9ativit\u00e9 et de l&#8217;autonomie. Il est \u00e9galement mentionn\u00e9 que la collaboration entre les enseignants, les parents et les professionnels de la sant\u00e9 mentale est essentielle pour soutenir les \u00e9l\u00e8ves surdou\u00e9s.<\/p>\n","protected":false},"featured_media":16527,"template":"","meta":[],"product_brand":[],"product_cat":[1081,1083,1112,1116,1077],"product_tag":[],"class_list":{"0":"post-47882","1":"product","2":"type-product","3":"status-publish","4":"has-post-thumbnail","6":"product_cat-french","7":"product_cat-giftedness","8":"product_cat-institutional","9":"product_cat-scientific","10":"product_cat-text","12":"first","13":"instock","14":"shipping-taxable","15":"product-type-simple"},"jetpack_sharing_enabled":true,"_links":{"self":[{"href":"https:\/\/edyka.org\/en\/wp-json\/wp\/v2\/product\/47882","targetHints":{"allow":["GET"]}}],"collection":[{"href":"https:\/\/edyka.org\/en\/wp-json\/wp\/v2\/product"}],"about":[{"href":"https:\/\/edyka.org\/en\/wp-json\/wp\/v2\/types\/product"}],"wp:featuredmedia":[{"embeddable":true,"href":"https:\/\/edyka.org\/en\/wp-json\/wp\/v2\/media\/16527"}],"wp:attachment":[{"href":"https:\/\/edyka.org\/en\/wp-json\/wp\/v2\/media?parent=47882"}],"wp:term":[{"taxonomy":"product_brand","embeddable":true,"href":"https:\/\/edyka.org\/en\/wp-json\/wp\/v2\/product_brand?post=47882"},{"taxonomy":"product_cat","embeddable":true,"href":"https:\/\/edyka.org\/en\/wp-json\/wp\/v2\/product_cat?post=47882"},{"taxonomy":"product_tag","embeddable":true,"href":"https:\/\/edyka.org\/en\/wp-json\/wp\/v2\/product_tag?post=47882"}],"curies":[{"name":"wp","href":"https:\/\/api.w.org\/{rel}","templated":true}]}}