{"id":47881,"date":"2025-07-22T10:35:51","date_gmt":"2025-07-22T14:35:51","guid":{"rendered":"https:\/\/edyka.org\/produit\/la-petite-zone-de-tele-quebec\/"},"modified":"2025-07-22T10:35:51","modified_gmt":"2025-07-22T14:35:51","slug":"la-petite-zone-de-tele-quebec","status":"publish","type":"product","link":"https:\/\/edyka.org\/en\/produit\/la-petite-zone-de-tele-quebec\/","title":{"rendered":"La petite zone de T\u00e9l\u00e9-Qu\u00e9bec"},"content":{"rendered":"<p><a href=\"https:\/\/video.telequebec.tv\/jeunesse?gad_source=1&#038;gad_campaignid=21652062424&#038;gbraid=0AAAAADhgZoXkWKG7bNQkS8neS1w7OhQc3&#038;gclid=CjwKCAjwyb3DBhBlEiwAqZLe5NJh8j8jB_FaaqCRoud7FBop-kZvYHi9bAK4ee9-8xtVdYakMaj0gBoCNjcQAvD_BwE\" rel=\"nofollow\">https:\/\/video.telequebec.tv\/jeunesse?gad_source=1&#038;gad_campaignid=21652062424&#038;gbraid=0AAAAADhgZoXkWKG7bNQkS8neS1w7OhQc3&#038;gclid=CjwKCAjwyb3DBhBlEiwAqZLe5NJh8j8jB_FaaqCRoud7FBop-kZvYHi9bAK4ee9-8xtVdYakMaj0gBoCNjcQAvD_BwE<\/a><\/p>\n","protected":false},"excerpt":{"rendered":"<p>Un \u00e9ventail d\u2019activit\u00e9s d\u2019apprentissage (pr\u00e9lecture, autour du nombre, etc.) pour les enfants d\u2019\u00e2ge pr\u00e9scolaire. <\/p>\n","protected":false},"featured_media":37654,"template":"","meta":[],"product_brand":[],"product_cat":[1081,1074,1114,1102],"product_tag":[],"class_list":{"0":"post-47881","1":"product","2":"type-product","3":"status-publish","4":"has-post-thumbnail","6":"product_cat-french","7":"product_cat-interactive","8":"product_cat-practical","9":"product_cat-tools","11":"first","12":"instock","13":"shipping-taxable","14":"product-type-simple"},"jetpack_sharing_enabled":true,"_links":{"self":[{"href":"https:\/\/edyka.org\/en\/wp-json\/wp\/v2\/product\/47881","targetHints":{"allow":["GET"]}}],"collection":[{"href":"https:\/\/edyka.org\/en\/wp-json\/wp\/v2\/product"}],"about":[{"href":"https:\/\/edyka.org\/en\/wp-json\/wp\/v2\/types\/product"}],"wp:featuredmedia":[{"embeddable":true,"href":"https:\/\/edyka.org\/en\/wp-json\/wp\/v2\/media\/37654"}],"wp:attachment":[{"href":"https:\/\/edyka.org\/en\/wp-json\/wp\/v2\/media?parent=47881"}],"wp:term":[{"taxonomy":"product_brand","embeddable":true,"href":"https:\/\/edyka.org\/en\/wp-json\/wp\/v2\/product_brand?post=47881"},{"taxonomy":"product_cat","embeddable":true,"href":"https:\/\/edyka.org\/en\/wp-json\/wp\/v2\/product_cat?post=47881"},{"taxonomy":"product_tag","embeddable":true,"href":"https:\/\/edyka.org\/en\/wp-json\/wp\/v2\/product_tag?post=47881"}],"curies":[{"name":"wp","href":"https:\/\/api.w.org\/{rel}","templated":true}]}}