{"id":47878,"date":"2025-07-22T10:35:53","date_gmt":"2025-07-22T14:35:53","guid":{"rendered":"https:\/\/edyka.org\/produit\/la-grande-fabrique-de-mots\/"},"modified":"2025-07-22T10:35:53","modified_gmt":"2025-07-22T14:35:53","slug":"la-grande-fabrique-de-mots","status":"publish","type":"product","link":"https:\/\/edyka.org\/en\/produit\/la-grande-fabrique-de-mots\/","title":{"rendered":"La grande fabrique de mots"},"content":{"rendered":"<p><a href=\"https:\/\/apps.apple.com\/fr\/app\/la-grande-fabrique-de-mots\/id715582746\" rel=\"nofollow\">https:\/\/apps.apple.com\/fr\/app\/la-grande-fabrique-de-mots\/id715582746<\/a><\/p>\n","protected":false},"excerpt":{"rendered":"<p>Lire, jouer, apprendre, d\u00e9couvrir, r\u00eaver : une fascinante application aux allures de livre d&#8217;images pour enfants \u00e0 partir de 3 ans et amoureux de tout \u00e2ge \u2013 d&#8217;apr\u00e8s le best-seller \u00ab La grande fabrique de mots \u00bb d&#8217;Agn\u00e8s de Lestrade et Valeria Docampo. <\/p>\n","protected":false},"featured_media":37654,"template":"","meta":[],"product_brand":[],"product_cat":[1115,1081,1074,1097,1114],"product_tag":[],"class_list":{"0":"post-47878","1":"product","2":"type-product","3":"status-publish","4":"has-post-thumbnail","6":"product_cat-educational","7":"product_cat-french","8":"product_cat-interactive","9":"product_cat-learning","10":"product_cat-practical","12":"first","13":"instock","14":"shipping-taxable","15":"product-type-simple"},"jetpack_sharing_enabled":true,"_links":{"self":[{"href":"https:\/\/edyka.org\/en\/wp-json\/wp\/v2\/product\/47878","targetHints":{"allow":["GET"]}}],"collection":[{"href":"https:\/\/edyka.org\/en\/wp-json\/wp\/v2\/product"}],"about":[{"href":"https:\/\/edyka.org\/en\/wp-json\/wp\/v2\/types\/product"}],"wp:featuredmedia":[{"embeddable":true,"href":"https:\/\/edyka.org\/en\/wp-json\/wp\/v2\/media\/37654"}],"wp:attachment":[{"href":"https:\/\/edyka.org\/en\/wp-json\/wp\/v2\/media?parent=47878"}],"wp:term":[{"taxonomy":"product_brand","embeddable":true,"href":"https:\/\/edyka.org\/en\/wp-json\/wp\/v2\/product_brand?post=47878"},{"taxonomy":"product_cat","embeddable":true,"href":"https:\/\/edyka.org\/en\/wp-json\/wp\/v2\/product_cat?post=47878"},{"taxonomy":"product_tag","embeddable":true,"href":"https:\/\/edyka.org\/en\/wp-json\/wp\/v2\/product_tag?post=47878"}],"curies":[{"name":"wp","href":"https:\/\/api.w.org\/{rel}","templated":true}]}}