{"id":47875,"date":"2025-07-22T10:35:57","date_gmt":"2025-07-22T14:35:57","guid":{"rendered":"https:\/\/edyka.org\/produit\/formes-geometriques-en-plastique-ou-en-bois\/"},"modified":"2025-07-22T10:35:57","modified_gmt":"2025-07-22T14:35:57","slug":"formes-geometriques-en-plastique-ou-en-bois","status":"publish","type":"product","link":"https:\/\/edyka.org\/en\/produit\/formes-geometriques-en-plastique-ou-en-bois\/","title":{"rendered":"Formes g\u00e9om\u00e9triques en plastique ou en bois"},"content":{"rendered":"<p><iframe loading=\"lazy\" title=\"Learning Resources View-Thru Geometric Solids - 14 Pieces, Grades 3+ Math Learning Tools for Kids\" type=\"text\/html\" width=\"1200\" height=\"550\" frameborder=\"0\" allowfullscreen style=\"max-width:100%\" src=\"https:\/\/read.amazon.ca\/kp\/card?preview=inline&#038;linkCode=df0&#038;ref_=k4w_oembed_pyu8Jhjx8Gel0u&#038;asin=B0034IX85O&#038;tag=googleshopc0c-20\"><\/iframe><\/p>\n","protected":false},"excerpt":{"rendered":"<p>Ces formes g\u00e9om\u00e9triques manipulables sont utilis\u00e9es pour explorer et construire des figures g\u00e9om\u00e9triques, comprendre les concepts de base de la g\u00e9om\u00e9trie et les propri\u00e9t\u00e9s des formes. <\/p>\n","protected":false},"featured_media":37666,"template":"","meta":[],"product_brand":[],"product_cat":[1115,1080,1081,1097,1076,1114],"product_tag":[],"class_list":{"0":"post-47875","1":"product","2":"type-product","3":"status-publish","4":"has-post-thumbnail","6":"product_cat-educational","7":"product_cat-english","8":"product_cat-french","9":"product_cat-learning","10":"product_cat-physical","11":"product_cat-practical","13":"first","14":"instock","15":"shipping-taxable","16":"product-type-simple"},"jetpack_sharing_enabled":true,"_links":{"self":[{"href":"https:\/\/edyka.org\/en\/wp-json\/wp\/v2\/product\/47875","targetHints":{"allow":["GET"]}}],"collection":[{"href":"https:\/\/edyka.org\/en\/wp-json\/wp\/v2\/product"}],"about":[{"href":"https:\/\/edyka.org\/en\/wp-json\/wp\/v2\/types\/product"}],"wp:featuredmedia":[{"embeddable":true,"href":"https:\/\/edyka.org\/en\/wp-json\/wp\/v2\/media\/37666"}],"wp:attachment":[{"href":"https:\/\/edyka.org\/en\/wp-json\/wp\/v2\/media?parent=47875"}],"wp:term":[{"taxonomy":"product_brand","embeddable":true,"href":"https:\/\/edyka.org\/en\/wp-json\/wp\/v2\/product_brand?post=47875"},{"taxonomy":"product_cat","embeddable":true,"href":"https:\/\/edyka.org\/en\/wp-json\/wp\/v2\/product_cat?post=47875"},{"taxonomy":"product_tag","embeddable":true,"href":"https:\/\/edyka.org\/en\/wp-json\/wp\/v2\/product_tag?post=47875"}],"curies":[{"name":"wp","href":"https:\/\/api.w.org\/{rel}","templated":true}]}}