{"id":47870,"date":"2025-07-22T10:36:00","date_gmt":"2025-07-22T14:36:00","guid":{"rendered":"https:\/\/edyka.org\/produit\/tous-les-enfants-peuvent-etre-des-superheros\/"},"modified":"2025-07-22T10:36:00","modified_gmt":"2025-07-22T14:36:00","slug":"tous-les-enfants-peuvent-etre-des-superheros","status":"publish","type":"product","link":"https:\/\/edyka.org\/en\/produit\/tous-les-enfants-peuvent-etre-des-superheros\/","title":{"rendered":"Tous les enfants peuvent \u00eatre des superh\u00e9ros"},"content":{"rendered":"<p><a href=\"https:\/\/www.pirouette-editions.fr\/tous-les-enfants-peuvent-etre-des-superheros-1183.fr\" rel=\"nofollow\">https:\/\/www.pirouette-editions.fr\/tous-les-enfants-peuvent-etre-des-superheros-1183.fr<\/a><\/p>\n","protected":false},"excerpt":{"rendered":"<p>10 ateliers offrent des activit\u00e9s cl\u00e9s en main et pr\u00e8s de 100 fiches reproductibles illustr\u00e9es pour d\u00e9velopper la confiance en soi, les habilet\u00e9s de communication, la pens\u00e9e positive, &#8230;<\/p>\n","protected":false},"featured_media":22678,"template":"","meta":[],"product_brand":[],"product_cat":[1115,1081,1076,1108,1113],"product_tag":[],"class_list":{"0":"post-47870","1":"product","2":"type-product","3":"status-publish","4":"has-post-thumbnail","6":"product_cat-educational","7":"product_cat-french","8":"product_cat-physical","9":"product_cat-social-skills","10":"product_cat-youth","12":"first","13":"instock","14":"shipping-taxable","15":"product-type-simple"},"jetpack_sharing_enabled":true,"_links":{"self":[{"href":"https:\/\/edyka.org\/en\/wp-json\/wp\/v2\/product\/47870","targetHints":{"allow":["GET"]}}],"collection":[{"href":"https:\/\/edyka.org\/en\/wp-json\/wp\/v2\/product"}],"about":[{"href":"https:\/\/edyka.org\/en\/wp-json\/wp\/v2\/types\/product"}],"wp:featuredmedia":[{"embeddable":true,"href":"https:\/\/edyka.org\/en\/wp-json\/wp\/v2\/media\/22678"}],"wp:attachment":[{"href":"https:\/\/edyka.org\/en\/wp-json\/wp\/v2\/media?parent=47870"}],"wp:term":[{"taxonomy":"product_brand","embeddable":true,"href":"https:\/\/edyka.org\/en\/wp-json\/wp\/v2\/product_brand?post=47870"},{"taxonomy":"product_cat","embeddable":true,"href":"https:\/\/edyka.org\/en\/wp-json\/wp\/v2\/product_cat?post=47870"},{"taxonomy":"product_tag","embeddable":true,"href":"https:\/\/edyka.org\/en\/wp-json\/wp\/v2\/product_tag?post=47870"}],"curies":[{"name":"wp","href":"https:\/\/api.w.org\/{rel}","templated":true}]}}