{"id":47869,"date":"2025-07-22T10:36:00","date_gmt":"2025-07-22T14:36:00","guid":{"rendered":"https:\/\/edyka.org\/produit\/jeulin-sciences\/"},"modified":"2025-07-22T10:36:00","modified_gmt":"2025-07-22T14:36:00","slug":"jeulin-sciences","status":"publish","type":"product","link":"https:\/\/edyka.org\/en\/produit\/jeulin-sciences\/","title":{"rendered":"Jeulin (Sciences)"},"content":{"rendered":"<p><a href=\"https:\/\/plateformenum.jeulin.fr\/\" rel=\"nofollow\">https:\/\/plateformenum.jeulin.fr\/<\/a><\/p>\n","protected":false},"excerpt":{"rendered":"<p>Niveau coll\u00e8ge &#038; lyc\u00e9e : La Plateforme Num\u00e9rique Jeulin est un portail p\u00e9dagogique d\u00e9di\u00e9 aux sciences exp\u00e9rimentales. Elle vous permet d&#8217;acc\u00e9der \u00e0 vos ressources en tous lieux via Internet et sur tous les supports (ordinateur, tablette, smartphone &#8230;). On y trouve des logiciels interactifs, des vid\u00e9os documentaires et des animations, des protocoles de TP &#038; courbes d&#8217;ExAO et des banques d&#8217;images et de sch\u00e9mas<\/p>\n","protected":false},"featured_media":37654,"template":"","meta":[],"product_brand":[],"product_cat":[1115,1101,1081,1083,1074,1097,1114],"product_tag":[],"class_list":{"0":"post-47869","1":"product","2":"type-product","3":"status-publish","4":"has-post-thumbnail","6":"product_cat-educational","7":"product_cat-enrichment","8":"product_cat-french","9":"product_cat-giftedness","10":"product_cat-interactive","11":"product_cat-learning","12":"product_cat-practical","14":"first","15":"instock","16":"shipping-taxable","17":"product-type-simple"},"jetpack_sharing_enabled":true,"_links":{"self":[{"href":"https:\/\/edyka.org\/en\/wp-json\/wp\/v2\/product\/47869","targetHints":{"allow":["GET"]}}],"collection":[{"href":"https:\/\/edyka.org\/en\/wp-json\/wp\/v2\/product"}],"about":[{"href":"https:\/\/edyka.org\/en\/wp-json\/wp\/v2\/types\/product"}],"wp:featuredmedia":[{"embeddable":true,"href":"https:\/\/edyka.org\/en\/wp-json\/wp\/v2\/media\/37654"}],"wp:attachment":[{"href":"https:\/\/edyka.org\/en\/wp-json\/wp\/v2\/media?parent=47869"}],"wp:term":[{"taxonomy":"product_brand","embeddable":true,"href":"https:\/\/edyka.org\/en\/wp-json\/wp\/v2\/product_brand?post=47869"},{"taxonomy":"product_cat","embeddable":true,"href":"https:\/\/edyka.org\/en\/wp-json\/wp\/v2\/product_cat?post=47869"},{"taxonomy":"product_tag","embeddable":true,"href":"https:\/\/edyka.org\/en\/wp-json\/wp\/v2\/product_tag?post=47869"}],"curies":[{"name":"wp","href":"https:\/\/api.w.org\/{rel}","templated":true}]}}