{"id":47863,"date":"2025-07-22T10:36:03","date_gmt":"2025-07-22T14:36:03","guid":{"rendered":"https:\/\/edyka.org\/produit\/musee-archeologique-athenes\/"},"modified":"2025-07-22T10:36:03","modified_gmt":"2025-07-22T14:36:03","slug":"musee-archeologique-athenes","status":"publish","type":"product","link":"https:\/\/edyka.org\/en\/produit\/musee-archeologique-athenes\/","title":{"rendered":"Mus\u00e9e arch\u00e9ologique (Ath\u00e8nes)"},"content":{"rendered":"<blockquote class=\"wp-embedded-content\" data-secret=\"YKVeescVJU\"><p><a href=\"https:\/\/www.namuseum.gr\/en\/collections\/\" rel=\"nofollow noopener\" target=\"_blank\">Collections<\/a><\/p><\/blockquote>\n<p><iframe loading=\"lazy\" class=\"wp-embedded-content\" sandbox=\"allow-scripts\" security=\"restricted\" style=\"position: absolute; visibility: hidden;\" title=\"&#8220;Collections&#8221; &#8212; National Archaeological Museum\" src=\"https:\/\/www.namuseum.gr\/en\/collections\/embed\/#?secret=HenDUFwvOQ#?secret=YKVeescVJU\" data-secret=\"YKVeescVJU\" width=\"600\" height=\"338\" frameborder=\"0\" marginwidth=\"0\" marginheight=\"0\" scrolling=\"no\"><\/iframe><\/p>\n","protected":false},"excerpt":{"rendered":"<p>Visite virtuelle du mus\u00e9e arch\u00e9ologique d&#8217;Ath\u00e8nes<\/p>\n","protected":false},"featured_media":37660,"template":"","meta":[],"product_brand":[],"product_cat":[1080,1101,1081,1083,1074,1097,1113],"product_tag":[],"class_list":{"0":"post-47863","1":"product","2":"type-product","3":"status-publish","4":"has-post-thumbnail","6":"product_cat-english","7":"product_cat-enrichment","8":"product_cat-french","9":"product_cat-giftedness","10":"product_cat-interactive","11":"product_cat-learning","12":"product_cat-youth","14":"first","15":"instock","16":"shipping-taxable","17":"product-type-simple"},"jetpack_sharing_enabled":true,"_links":{"self":[{"href":"https:\/\/edyka.org\/en\/wp-json\/wp\/v2\/product\/47863","targetHints":{"allow":["GET"]}}],"collection":[{"href":"https:\/\/edyka.org\/en\/wp-json\/wp\/v2\/product"}],"about":[{"href":"https:\/\/edyka.org\/en\/wp-json\/wp\/v2\/types\/product"}],"wp:featuredmedia":[{"embeddable":true,"href":"https:\/\/edyka.org\/en\/wp-json\/wp\/v2\/media\/37660"}],"wp:attachment":[{"href":"https:\/\/edyka.org\/en\/wp-json\/wp\/v2\/media?parent=47863"}],"wp:term":[{"taxonomy":"product_brand","embeddable":true,"href":"https:\/\/edyka.org\/en\/wp-json\/wp\/v2\/product_brand?post=47863"},{"taxonomy":"product_cat","embeddable":true,"href":"https:\/\/edyka.org\/en\/wp-json\/wp\/v2\/product_cat?post=47863"},{"taxonomy":"product_tag","embeddable":true,"href":"https:\/\/edyka.org\/en\/wp-json\/wp\/v2\/product_tag?post=47863"}],"curies":[{"name":"wp","href":"https:\/\/api.w.org\/{rel}","templated":true}]}}