{"id":47859,"date":"2025-07-22T10:36:04","date_gmt":"2025-07-22T14:36:04","guid":{"rendered":"https:\/\/edyka.org\/produit\/tablette-tactile-kurio-smart\/"},"modified":"2025-07-22T10:36:04","modified_gmt":"2025-07-22T14:36:04","slug":"tablette-tactile-kurio-smart","status":"publish","type":"product","link":"https:\/\/edyka.org\/en\/produit\/tablette-tactile-kurio-smart\/","title":{"rendered":"Tablette tactile &#8220;Kurio Smart&#8221;"},"content":{"rendered":"<p><a href=\"https:\/\/manuals.plus\/fr\/kurio-smart\/8391x-portable-tablet-manual\" rel=\"nofollow\">https:\/\/manuals.plus\/fr\/kurio-smart\/8391x-portable-tablet-manual<\/a><\/p>\n","protected":false},"excerpt":{"rendered":"<p>La tablette Kurio Smart est sp\u00e9cialement con\u00e7ue pour les enfants et offre une gamme d&#8217;applications \u00e9ducatives et interactives. Elle peut \u00eatre utilis\u00e9e pour soutenir l&#8217;apprentissage et l&#8217;am\u00e9lioration de la coordination motrice gr\u00e2ce \u00e0 des jeux et des activit\u00e9s sp\u00e9cifiques<\/p>\n","protected":false},"featured_media":37662,"template":"","meta":[],"product_brand":[],"product_cat":[1081,1074,1100,1114],"product_tag":[],"class_list":{"0":"post-47859","1":"product","2":"type-product","3":"status-publish","4":"has-post-thumbnail","6":"product_cat-french","7":"product_cat-interactive","8":"product_cat-motor-coordination","9":"product_cat-practical","11":"first","12":"instock","13":"shipping-taxable","14":"product-type-simple"},"jetpack_sharing_enabled":true,"_links":{"self":[{"href":"https:\/\/edyka.org\/en\/wp-json\/wp\/v2\/product\/47859","targetHints":{"allow":["GET"]}}],"collection":[{"href":"https:\/\/edyka.org\/en\/wp-json\/wp\/v2\/product"}],"about":[{"href":"https:\/\/edyka.org\/en\/wp-json\/wp\/v2\/types\/product"}],"wp:featuredmedia":[{"embeddable":true,"href":"https:\/\/edyka.org\/en\/wp-json\/wp\/v2\/media\/37662"}],"wp:attachment":[{"href":"https:\/\/edyka.org\/en\/wp-json\/wp\/v2\/media?parent=47859"}],"wp:term":[{"taxonomy":"product_brand","embeddable":true,"href":"https:\/\/edyka.org\/en\/wp-json\/wp\/v2\/product_brand?post=47859"},{"taxonomy":"product_cat","embeddable":true,"href":"https:\/\/edyka.org\/en\/wp-json\/wp\/v2\/product_cat?post=47859"},{"taxonomy":"product_tag","embeddable":true,"href":"https:\/\/edyka.org\/en\/wp-json\/wp\/v2\/product_tag?post=47859"}],"curies":[{"name":"wp","href":"https:\/\/api.w.org\/{rel}","templated":true}]}}