{"id":47857,"date":"2025-07-22T10:36:09","date_gmt":"2025-07-22T14:36:09","guid":{"rendered":"https:\/\/edyka.org\/produit\/dysorthographie-comment-aider\/"},"modified":"2026-04-12T21:19:35","modified_gmt":"2026-04-13T01:19:35","slug":"dysorthographie-comment-aider","status":"publish","type":"product","link":"https:\/\/edyka.org\/en\/produit\/dysorthographie-comment-aider\/","title":{"rendered":"Dysorthographie, comment aider?"},"content":{"rendered":"<p><a href=\"https:\/\/youtube.com\/watch?v=eXAzomwBFSY%3Frel%3D0\" rel=\"nofollow\">https:\/\/youtube.com\/watch?v=eXAzomwBFSY%3Frel%3D0<\/a><\/p>\n","protected":false},"excerpt":{"rendered":"<p>Cette vid\u00e9o donne des conseils pratiques aux jeunes avec un trouble de dysorthographie. Diff\u00e9rents am\u00e9nagements sont propos\u00e9s.<\/p>\n","protected":false},"featured_media":27633,"template":"","meta":[],"product_brand":[],"product_cat":[1092,1081,1097,1118,1078],"product_tag":[],"class_list":{"0":"post-47857","1":"product","2":"type-product","3":"status-publish","4":"has-post-thumbnail","6":"product_cat-dysorthographia","7":"product_cat-french","8":"product_cat-learning","9":"product_cat-popularization","10":"product_cat-video-en","12":"first","13":"instock","14":"shipping-taxable","15":"product-type-simple"},"jetpack_sharing_enabled":true,"_links":{"self":[{"href":"https:\/\/edyka.org\/en\/wp-json\/wp\/v2\/product\/47857","targetHints":{"allow":["GET"]}}],"collection":[{"href":"https:\/\/edyka.org\/en\/wp-json\/wp\/v2\/product"}],"about":[{"href":"https:\/\/edyka.org\/en\/wp-json\/wp\/v2\/types\/product"}],"wp:featuredmedia":[{"embeddable":true,"href":"https:\/\/edyka.org\/en\/wp-json\/wp\/v2\/media\/27633"}],"wp:attachment":[{"href":"https:\/\/edyka.org\/en\/wp-json\/wp\/v2\/media?parent=47857"}],"wp:term":[{"taxonomy":"product_brand","embeddable":true,"href":"https:\/\/edyka.org\/en\/wp-json\/wp\/v2\/product_brand?post=47857"},{"taxonomy":"product_cat","embeddable":true,"href":"https:\/\/edyka.org\/en\/wp-json\/wp\/v2\/product_cat?post=47857"},{"taxonomy":"product_tag","embeddable":true,"href":"https:\/\/edyka.org\/en\/wp-json\/wp\/v2\/product_tag?post=47857"}],"curies":[{"name":"wp","href":"https:\/\/api.w.org\/{rel}","templated":true}]}}