{"id":47828,"date":"2025-07-22T10:36:11","date_gmt":"2025-07-22T14:36:11","guid":{"rendered":"https:\/\/edyka.org\/produit\/fabrique-ta-roue-des-emotions\/"},"modified":"2025-07-22T10:36:11","modified_gmt":"2025-07-22T14:36:11","slug":"fabrique-ta-roue-des-emotions","status":"publish","type":"product","link":"https:\/\/edyka.org\/en\/produit\/fabrique-ta-roue-des-emotions\/","title":{"rendered":"Fabrique ta roue des \u00e9motions"},"content":{"rendered":"<p><a href=\"https:\/\/ecoledesjuliettes.com\/la-roue-des-emotions\/\" rel=\"nofollow\">https:\/\/ecoledesjuliettes.com\/la-roue-des-emotions\/<\/a><\/p>\n","protected":false},"excerpt":{"rendered":"<p>La roue ou la ronde des \u00e9motions. Un outil inspir\u00e9 de la p\u00e9dagogie Montessori \u00e0 r\u00e9aliser chez soi pour enseigner aux enfants les diff\u00e9rentes \u00e9motions.<\/p>\n","protected":false},"featured_media":37669,"template":"","meta":[],"product_brand":[],"product_cat":[1081,1108,1074,1115,1114],"product_tag":[],"class_list":{"0":"post-47828","1":"product","2":"type-product","3":"status-publish","4":"has-post-thumbnail","6":"product_cat-french","7":"product_cat-social-skills","8":"product_cat-interactive","9":"product_cat-educational","10":"product_cat-practical","12":"first","13":"instock","14":"shipping-taxable","15":"product-type-simple"},"jetpack_sharing_enabled":true,"_links":{"self":[{"href":"https:\/\/edyka.org\/en\/wp-json\/wp\/v2\/product\/47828","targetHints":{"allow":["GET"]}}],"collection":[{"href":"https:\/\/edyka.org\/en\/wp-json\/wp\/v2\/product"}],"about":[{"href":"https:\/\/edyka.org\/en\/wp-json\/wp\/v2\/types\/product"}],"wp:featuredmedia":[{"embeddable":true,"href":"https:\/\/edyka.org\/en\/wp-json\/wp\/v2\/media\/37669"}],"wp:attachment":[{"href":"https:\/\/edyka.org\/en\/wp-json\/wp\/v2\/media?parent=47828"}],"wp:term":[{"taxonomy":"product_brand","embeddable":true,"href":"https:\/\/edyka.org\/en\/wp-json\/wp\/v2\/product_brand?post=47828"},{"taxonomy":"product_cat","embeddable":true,"href":"https:\/\/edyka.org\/en\/wp-json\/wp\/v2\/product_cat?post=47828"},{"taxonomy":"product_tag","embeddable":true,"href":"https:\/\/edyka.org\/en\/wp-json\/wp\/v2\/product_tag?post=47828"}],"curies":[{"name":"wp","href":"https:\/\/api.w.org\/{rel}","templated":true}]}}